{"id":333,"date":"2025-03-12T15:25:11","date_gmt":"2025-03-12T14:25:11","guid":{"rendered":"https:\/\/www.olllostudio.com\/?page_id=333"},"modified":"2025-03-12T16:05:23","modified_gmt":"2025-03-12T15:05:23","slug":"cours-decouverte","status":"publish","type":"page","link":"https:\/\/www.olllostudio.com\/index.php\/cours-decouverte\/","title":{"rendered":"Cours d\u00e9couverte"},"content":{"rendered":"<p>[et_pb_section fb_built=&#8221;1&#8243; _builder_version=&#8221;4.27.4&#8243; _module_preset=&#8221;default&#8221; background_color=&#8221;gcid-secondary-color&#8221; global_colors_info=&#8221;{%22gcid-secondary-color%22:%91%22background_color%22%93}&#8221;][et_pb_row _builder_version=&#8221;4.27.4&#8243; _module_preset=&#8221;default&#8221; global_colors_info=&#8221;{}&#8221;][et_pb_column type=&#8221;4_4&#8243; _builder_version=&#8221;4.27.4&#8243; _module_preset=&#8221;default&#8221; global_colors_info=&#8221;{}&#8221;][et_pb_heading title=&#8221;Les cours adultes&#8221; _builder_version=&#8221;4.27.4&#8243; _module_preset=&#8221;_initial&#8221; title_level=&#8221;h2&#8243; title_font=&#8221;Sedan||||||||&#8221; title_text_color=&#8221;#FFFFFF&#8221; title_font_size=&#8221;52px&#8221; title_line_height=&#8221;1.2em&#8221; custom_margin=&#8221;||10px||false|false&#8221; title_font_size_tablet=&#8221;32px&#8221; title_font_size_phone=&#8221;20px&#8221; title_font_size_last_edited=&#8221;on|phone&#8221; locked=&#8221;off&#8221; global_colors_info=&#8221;{}&#8221;][\/et_pb_heading][\/et_pb_column][\/et_pb_row][et_pb_row column_structure=&#8221;1_2,1_2&#8243; _builder_version=&#8221;4.27.4&#8243; _module_preset=&#8221;default&#8221; custom_padding=&#8221;27px|||||&#8221; global_colors_info=&#8221;{}&#8221;][et_pb_column type=&#8221;1_2&#8243; _builder_version=&#8221;4.27.4&#8243; _module_preset=&#8221;default&#8221; global_colors_info=&#8221;{}&#8221;][et_pb_image src=&#8221;https:\/\/www.olllostudio.com\/wp-content\/uploads\/2025\/03\/ceramics-7250708_1920.jpg&#8221; title_text=&#8221;ceramics-7250708_1920&#8243; _builder_version=&#8221;4.27.4&#8243; _module_preset=&#8221;default&#8221; hover_enabled=&#8221;0&#8243; box_shadow_style=&#8221;preset1&#8243; global_colors_info=&#8221;{}&#8221; sticky_enabled=&#8221;0&#8243;][\/et_pb_image][\/et_pb_column][et_pb_column type=&#8221;1_2&#8243; _builder_version=&#8221;4.27.4&#8243; _module_preset=&#8221;default&#8221; global_colors_info=&#8221;{}&#8221;][et_pb_heading title=&#8221;Cours d\u00e9couverte&#8221; _builder_version=&#8221;4.27.4&#8243; _module_preset=&#8221;_initial&#8221; title_level=&#8221;h2&#8243; title_font=&#8221;Sedan||||||||&#8221; title_text_color=&#8221;#FFFFFF&#8221; title_font_size=&#8221;52px&#8221; title_line_height=&#8221;1.2em&#8221; custom_margin=&#8221;||10px||false|false&#8221; title_font_size_tablet=&#8221;32px&#8221; title_font_size_phone=&#8221;20px&#8221; title_font_size_last_edited=&#8221;on|phone&#8221; locked=&#8221;off&#8221; global_colors_info=&#8221;{}&#8221;][\/et_pb_heading][et_pb_text _builder_version=&#8221;4.27.4&#8243; _module_preset=&#8221;default&#8221; text_text_color=&#8221;#FFFFFF&#8221; global_colors_info=&#8221;{}&#8221;]<\/p>\n<h3 style=\"text-align: left;\"><span style=\"color: #ffffff;\">D\u00e9couvrez l\u2019Art de la C\u00e9ramique<\/span><\/h3>\n<p>[\/et_pb_text][et_pb_text _builder_version=&#8221;4.27.4&#8243; _module_preset=&#8221;default&#8221; text_text_color=&#8221;#FFFFFF&#8221; global_colors_info=&#8221;{}&#8221;]<\/p>\n<p data-start=\"180\" data-end=\"413\">Vous avez toujours r\u00eav\u00e9 de mettre les mains dans la terre, mais vous n\u2019avez jamais os\u00e9 franchir le pas ?<\/p>\n<p data-start=\"180\" data-end=\"413\">Venez d\u00e9couvrir le plaisir du modelage et laissez libre cours \u00e0 votre cr\u00e9ativit\u00e9 lors d\u2019un cours d\u2019initiation \u00e0 la c\u00e9ramique !<\/p>\n<p data-start=\"415\" data-end=\"927\">Pendant <strong data-start=\"423\" data-end=\"431\">2h30<\/strong>, dans une ambiance conviviale et chaleureuse, vous plongerez dans l\u2019univers fascinant de la terre et apprendrez les gestes essentiels pour fa\u00e7onner votre premi\u00e8re pi\u00e8ce. Au programme : d\u00e9couverte des diff\u00e9rentes techniques de modelage, exploration des textures et des formes, et initiation aux premi\u00e8res finitions.<\/p>\n<p data-start=\"415\" data-end=\"927\">Que vous soyez totalement d\u00e9butant ou simplement curieux, ce moment de cr\u00e9ation est l\u2019occasion parfaite pour exp\u00e9rimenter, s\u2019exprimer et repartir avec une exp\u00e9rience inoubliable.<\/p>\n<p>[\/et_pb_text][\/et_pb_column][\/et_pb_row][et_pb_row column_structure=&#8221;1_3,1_3,1_3&#8243; _builder_version=&#8221;4.27.4&#8243; _module_preset=&#8221;default&#8221; global_colors_info=&#8221;{}&#8221;][et_pb_column type=&#8221;1_3&#8243; _builder_version=&#8221;4.27.4&#8243; _module_preset=&#8221;default&#8221; global_colors_info=&#8221;{}&#8221;][et_pb_pricing_tables _builder_version=&#8221;4.27.4&#8243; _module_preset=&#8221;default&#8221; box_shadow_style=&#8221;preset1&#8243; global_colors_info=&#8221;{}&#8221;][et_pb_pricing_table featured=&#8221;on&#8221; title=&#8221;Cours d\u00e9couverte&#8221; subtitle=&#8221;Tournage 2H30&#8243; sum=&#8221;60 \u20ac&#8221; button_url=&#8221;#&#8221; button_text=&#8221;Inscription&#8221; bullet_color=&#8221;gcid-secondary-color&#8221; _builder_version=&#8221;4.27.4&#8243; _module_preset=&#8221;default&#8221; global_colors_info=&#8221;{%22gcid-secondary-color%22:%91%22bullet_color%22%93}&#8221; sticky_transition=&#8221;on&#8221;]<\/p>\n<p data-start=\"0\" data-end=\"200\">Participez \u00e0 une s\u00e9ance conviviale de <strong data-start=\"38\" data-end=\"46\">2h30<\/strong> pour d\u00e9couvrir la technique du tournage, ressentir les premi\u00e8res sensations du travail de la terre et fa\u00e7onner votre toute premi\u00e8re pi\u00e8ce en c\u00e9ramique.<\/p>\n<p data-start=\"202\" data-end=\"355\">Si votre cr\u00e9ation est r\u00e9ussie, nous nous chargerons de sa cuisson et de son \u00e9maillage. Vous pourrez la r\u00e9cup\u00e9rer \u00e0 l\u2019atelier environ un mois plus tard.<\/p>\n<p data-start=\"357\" data-end=\"454\" data-is-last-node=\"\" data-is-only-node=\"\">Le tarif inclut tout : l\u2019argile, l\u2019\u00e9maillage, la cuisson ainsi que l\u2019accompagnement personnalis\u00e9.<\/p>\n<p>[\/et_pb_pricing_table][\/et_pb_pricing_tables][\/et_pb_column][et_pb_column type=&#8221;1_3&#8243; _builder_version=&#8221;4.27.4&#8243; _module_preset=&#8221;default&#8221; global_colors_info=&#8221;{}&#8221;][et_pb_pricing_tables _builder_version=&#8221;4.27.4&#8243; _module_preset=&#8221;default&#8221; box_shadow_style=&#8221;preset1&#8243; global_colors_info=&#8221;{}&#8221;][et_pb_pricing_table featured=&#8221;on&#8221; title=&#8221;Cours d\u00e9couverte&#8221; subtitle=&#8221;Modelage 2H30&#8243; sum=&#8221;60 \u20ac&#8221; button_url=&#8221;#&#8221; button_text=&#8221;Inscription&#8221; bullet_color=&#8221;gcid-secondary-color&#8221; _builder_version=&#8221;4.27.4&#8243; _module_preset=&#8221;default&#8221; global_colors_info=&#8221;{%22gcid-secondary-color%22:%91%22bullet_color%22%93}&#8221; sticky_transition=&#8221;on&#8221;]<\/p>\n<p data-start=\"0\" data-end=\"110\">Plongez les mains dans la terre et laissez parler votre cr\u00e9ativit\u00e9 lors d\u2019une s\u00e9ance immersive de <strong data-start=\"98\" data-end=\"106\">2h30<\/strong> !<\/p>\n<p data-start=\"112\" data-end=\"390\">Dans une ambiance conviviale, vous d\u00e9couvrirez les sensations uniques du modelage en explorant trois techniques essentielles : le pinc\u00e9, le colombin et la plaque. Accompagn\u00e9(e) pas \u00e0 pas, vous fa\u00e7onnerez votre premi\u00e8re pi\u00e8ce en c\u00e9ramique, une cr\u00e9ation unique n\u00e9e de vos mains.<\/p>\n<p data-start=\"392\" data-end=\"529\">Apr\u00e8s la s\u00e9ance, nous nous occupons de tout : votre pi\u00e8ce sera s\u00e9ch\u00e9e, cuite et \u00e9maill\u00e9e avec soin avant d\u2019\u00eatre pr\u00eate \u00e0 \u00eatre r\u00e9cup\u00e9r\u00e9e.<\/p>\n<p data-start=\"531\" data-end=\"709\" data-is-last-node=\"\" data-is-only-node=\"\">Le tarif comprend tout le n\u00e9cessaire : terre, engobes, \u00e9mail transparent et cuisson. Une exp\u00e9rience accessible \u00e0 tous pour s\u2019initier \u00e0 l\u2019art de la c\u00e9ramique en toute simplicit\u00e9 !<\/p>\n<p>[\/et_pb_pricing_table][\/et_pb_pricing_tables][\/et_pb_column][et_pb_column type=&#8221;1_3&#8243; _builder_version=&#8221;4.27.4&#8243; _module_preset=&#8221;default&#8221; global_colors_info=&#8221;{}&#8221;][et_pb_pricing_tables _builder_version=&#8221;4.27.4&#8243; _module_preset=&#8221;default&#8221; box_shadow_style=&#8221;preset1&#8243; global_colors_info=&#8221;{}&#8221;][et_pb_pricing_table featured=&#8221;on&#8221; title=&#8221;Cours d\u00e9couverte&#8221; subtitle=&#8221;Modelage &#038; Techniques du d\u00e9cor 4H00&#8243; sum=&#8221;80 \u20ac&#8221; button_url=&#8221;#&#8221; button_text=&#8221;Inscription&#8221; bullet_color=&#8221;gcid-secondary-color&#8221; _builder_version=&#8221;4.27.4&#8243; _module_preset=&#8221;default&#8221; global_colors_info=&#8221;{%22gcid-secondary-color%22:%91%22bullet_color%22%93}&#8221; sticky_transition=&#8221;on&#8221;]<\/p>\n<p data-start=\"0\" data-end=\"76\">Vous souhaitez mettre les mains dans la terre et explorer l\u2019art du d\u00e9cor ?<\/p>\n<p data-start=\"78\" data-end=\"251\">Pendant <strong data-start=\"86\" data-end=\"98\">4 heures<\/strong>, nous vous guiderons dans la cr\u00e9ation d\u2019une pi\u00e8ce en modelage tout en vous initiant aux diff\u00e9rentes techniques de d\u00e9coration, dont le <strong data-start=\"233\" data-end=\"248\">sgraffitage<\/strong>.<\/p>\n<p data-start=\"253\" data-end=\"444\" data-is-last-node=\"\" data-is-only-node=\"\">Cette technique consiste \u00e0 graver des motifs \u00e0 l\u2019aide d\u2019outils, cr\u00e9ant ainsi un effet visuel \u00e0 la fois textur\u00e9 et contrast\u00e9. Une belle occasion d\u2019allier cr\u00e9ativit\u00e9 et savoir-faire artisanal !<\/p>\n<p>[\/et_pb_pricing_table][\/et_pb_pricing_tables][\/et_pb_column][\/et_pb_row][\/et_pb_section][et_pb_section fb_built=&#8221;1&#8243; _builder_version=&#8221;4.27.4&#8243; _module_preset=&#8221;default&#8221; background_color=&#8221;gcid-primary-color&#8221; background_enable_mask_style=&#8221;on&#8221; background_mask_style=&#8221;diagonal-bars&#8221; background_mask_color=&#8221;gcid-secondary-color&#8221; background_mask_transform=&#8221;rotate_90_degree|invert&#8221; background_mask_aspect_ratio=&#8221;square&#8221; global_colors_info=&#8221;{%22gcid-primary-color%22:%91%22background_color%22%93,%22gcid-secondary-color%22:%91%22background_mask_color%22%93}&#8221;][\/et_pb_section][et_pb_section fb_built=&#8221;1&#8243; _builder_version=&#8221;4.27.4&#8243; _module_preset=&#8221;default&#8221; background_color=&#8221;gcid-secondary-color&#8221; global_colors_info=&#8221;{%22gcid-secondary-color%22:%91%22background_color%22%93}&#8221;][et_pb_row _builder_version=&#8221;4.27.4&#8243; _module_preset=&#8221;default&#8221; global_colors_info=&#8221;{}&#8221;][et_pb_column type=&#8221;4_4&#8243; _builder_version=&#8221;4.27.4&#8243; _module_preset=&#8221;default&#8221; global_colors_info=&#8221;{}&#8221;][et_pb_heading title=&#8221;Les cours enfants&#8221; _builder_version=&#8221;4.27.4&#8243; _module_preset=&#8221;_initial&#8221; title_level=&#8221;h2&#8243; title_font=&#8221;Sedan||||||||&#8221; title_text_color=&#8221;#FFFFFF&#8221; title_font_size=&#8221;52px&#8221; title_line_height=&#8221;1.2em&#8221; custom_margin=&#8221;||10px||false|false&#8221; title_font_size_tablet=&#8221;32px&#8221; title_font_size_phone=&#8221;20px&#8221; title_font_size_last_edited=&#8221;on|phone&#8221; locked=&#8221;off&#8221; global_colors_info=&#8221;{}&#8221;][\/et_pb_heading][\/et_pb_column][\/et_pb_row][et_pb_row column_structure=&#8221;1_2,1_2&#8243; _builder_version=&#8221;4.27.4&#8243; _module_preset=&#8221;default&#8221; custom_padding=&#8221;27px|||||&#8221; global_colors_info=&#8221;{}&#8221;][et_pb_column type=&#8221;1_2&#8243; _builder_version=&#8221;4.27.4&#8243; _module_preset=&#8221;default&#8221; global_colors_info=&#8221;{}&#8221;][et_pb_image src=&#8221;https:\/\/www.olllostudio.com\/wp-content\/uploads\/2025\/03\/enfant-stage.jpg&#8221; title_text=&#8221;enfant stage&#8221; _builder_version=&#8221;4.27.4&#8243; _module_preset=&#8221;default&#8221; hover_enabled=&#8221;0&#8243; box_shadow_style=&#8221;preset1&#8243; global_colors_info=&#8221;{}&#8221; sticky_enabled=&#8221;0&#8243;][\/et_pb_image][\/et_pb_column][et_pb_column type=&#8221;1_2&#8243; _builder_version=&#8221;4.27.4&#8243; _module_preset=&#8221;default&#8221; global_colors_info=&#8221;{}&#8221;][et_pb_heading title=&#8221;Cours d\u00e9couverte&#8221; _builder_version=&#8221;4.27.4&#8243; _module_preset=&#8221;_initial&#8221; title_level=&#8221;h2&#8243; title_font=&#8221;Sedan||||||||&#8221; title_text_color=&#8221;#FFFFFF&#8221; title_font_size=&#8221;52px&#8221; title_line_height=&#8221;1.2em&#8221; custom_margin=&#8221;||10px||false|false&#8221; title_font_size_tablet=&#8221;32px&#8221; title_font_size_phone=&#8221;20px&#8221; title_font_size_last_edited=&#8221;on|phone&#8221; locked=&#8221;off&#8221; global_colors_info=&#8221;{}&#8221;][\/et_pb_heading][et_pb_text _builder_version=&#8221;4.27.4&#8243; _module_preset=&#8221;default&#8221; text_text_color=&#8221;#FFFFFF&#8221; header_3_text_color=&#8221;#FFFFFF&#8221; global_colors_info=&#8221;{}&#8221;]<\/p>\n<h3 style=\"text-align: left;\"><strong data-start=\"4\" data-end=\"61\">Un espace d\u2019expression et de plaisir pour les enfants<\/strong><\/h3>\n<p>[\/et_pb_text][et_pb_text _builder_version=&#8221;4.27.4&#8243; _module_preset=&#8221;default&#8221; text_text_color=&#8221;#FFFFFF&#8221; hover_enabled=&#8221;0&#8243; global_colors_info=&#8221;{}&#8221; sticky_enabled=&#8221;0&#8243;]<\/p>\n<p data-start=\"65\" data-end=\"399\">Ces cours sont con\u00e7us pour les <strong data-start=\"96\" data-end=\"132\">d\u00e9butants, initi\u00e9s et passionn\u00e9s<\/strong>, offrant \u00e0 chacun un cadre ludique et bienveillant pour explorer l\u2019art de la c\u00e9ramique. Les enfants y d\u00e9veloppent leur <strong data-start=\"252\" data-end=\"266\">cr\u00e9ativit\u00e9<\/strong>, \u00e9veillent leur <strong data-start=\"283\" data-end=\"298\">imagination<\/strong>, gagnent en <strong data-start=\"311\" data-end=\"331\">confiance en eux<\/strong> et stimulent leurs capacit\u00e9s d\u2019apprentissage\u2026 tout en s\u2019amusant !<\/p>\n<p data-start=\"741\" data-end=\"851\" data-is-last-node=\"\" data-is-only-node=\"\">Ou sinon,<strong> Partagez un instant complice avec votre enfant<\/strong> en d\u00e9couvrant le modelage de l\u2019argile. Ensemble, explorez les formes et textures tout en cr\u00e9ant vos propres pi\u00e8ces. Un atelier ludique et convivial pour un souvenir unique \u00e0 quatre mains !<\/p>\n<p>[\/et_pb_text][\/et_pb_column][\/et_pb_row][et_pb_row column_structure=&#8221;1_2,1_2&#8243; _builder_version=&#8221;4.27.4&#8243; _module_preset=&#8221;default&#8221; global_colors_info=&#8221;{}&#8221;][et_pb_column type=&#8221;1_2&#8243; _builder_version=&#8221;4.27.4&#8243; _module_preset=&#8221;default&#8221; global_colors_info=&#8221;{}&#8221;][et_pb_pricing_tables _builder_version=&#8221;4.27.4&#8243; _module_preset=&#8221;default&#8221; box_shadow_style=&#8221;preset1&#8243; global_colors_info=&#8221;{}&#8221;][et_pb_pricing_table featured=&#8221;on&#8221; title=&#8221;Cours d\u00e9couverte&#8221; subtitle=&#8221;Cours de modelage (6-11 ans)&#8221; per=&#8221; 2H00&#8243; sum=&#8221;40 \u20ac&#8221; button_url=&#8221;#&#8221; button_text=&#8221;Inscription&#8221; bullet_color=&#8221;RGBA(255,255,255,0)&#8221; _builder_version=&#8221;4.27.4&#8243; _module_preset=&#8221;default&#8221; global_colors_info=&#8221;{}&#8221; sticky_transition=&#8221;on&#8221;]<\/p>\n<h3 data-start=\"0\" data-end=\"76\"><strong data-start=\"4\" data-end=\"74\">Une aventure cr\u00e9ative avec l\u2019argile<\/strong><\/h3>\n<p data-start=\"78\" data-end=\"276\">Offrez \u00e0 votre enfant un espace d\u2019expression et de d\u00e9couverte \u00e0 travers le <strong data-start=\"153\" data-end=\"165\">modelage<\/strong>. Ces cours sont une invitation \u00e0 explorer les formes, les textures et les infinies possibilit\u00e9s de l\u2019argile.<\/p>\n<p data-start=\"278\" data-end=\"301\">\ud83c\udfa8 <strong data-start=\"281\" data-end=\"297\">Au programme<\/strong> :<\/p>\n<p data-start=\"278\" data-end=\"301\">Apprentissage des gestes de base du modelage<\/p>\n<p data-start=\"278\" data-end=\"301\">Exp\u00e9rimentation des volumes et des textures<\/p>\n<p data-start=\"278\" data-end=\"301\">Cr\u00e9ation de pi\u00e8ces uniques, fa\u00e7onn\u00e9es selon leur imagination<\/p>\n<p data-start=\"465\" data-end=\"644\">Dans un cadre ludique et bienveillant, chaque enfant d\u00e9veloppe sa <strong data-start=\"531\" data-end=\"545\">cr\u00e9ativit\u00e9<\/strong>, sa <strong data-start=\"550\" data-end=\"568\">motricit\u00e9 fine<\/strong> et sa <strong data-start=\"575\" data-end=\"595\">confiance en lui<\/strong>, tout en prenant plaisir \u00e0 manipuler la terre.<\/p>\n<p data-start=\"646\" data-end=\"752\" data-is-last-node=\"\" data-is-only-node=\"\">\ud83d\udc65 <strong data-start=\"649\" data-end=\"688\">Petits groupes de 6 enfants maximum<\/strong> pour un accompagnement personnalis\u00e9 et une ambiance conviviale.<\/p>\n<p>[\/et_pb_pricing_table][\/et_pb_pricing_tables][\/et_pb_column][et_pb_column type=&#8221;1_2&#8243; _builder_version=&#8221;4.27.4&#8243; _module_preset=&#8221;default&#8221; global_colors_info=&#8221;{}&#8221;][et_pb_pricing_tables _builder_version=&#8221;4.27.4&#8243; _module_preset=&#8221;default&#8221; box_shadow_style=&#8221;preset1&#8243; global_colors_info=&#8221;{}&#8221;][et_pb_pricing_table featured=&#8221;on&#8221; title=&#8221;Cours d\u00e9couverte&#8221; subtitle=&#8221;Cours de modelage parent-enfant 2H00&#8243; per=&#8221; 2H00&#8243; sum=&#8221;60 \u20ac&#8221; button_url=&#8221;#&#8221; button_text=&#8221;Inscription&#8221; bullet_color=&#8221;RGBA(255,255,255,0)&#8221; _builder_version=&#8221;4.27.4&#8243; _module_preset=&#8221;default&#8221; global_colors_info=&#8221;{}&#8221; sticky_transition=&#8221;on&#8221;]<\/p>\n<h3><strong data-start=\"4\" data-end=\"78\">Un moment de cr\u00e9ation \u00e0 quatre mains<\/strong><\/h3>\n<p data-start=\"82\" data-end=\"315\">Partagez un <strong data-start=\"94\" data-end=\"116\">instant privil\u00e9gi\u00e9 de 2H00<\/strong> avec votre enfant autour du <strong data-start=\"145\" data-end=\"169\">modelage de l\u2019argile<\/strong>. Ces cours sont une belle occasion de <strong data-start=\"208\" data-end=\"226\">cr\u00e9er ensemble<\/strong>, d\u2019explorer les formes et les textures, et de laisser libre cours \u00e0 votre imagination.<\/p>\n<p data-start=\"317\" data-end=\"340\">\ud83c\udfa8 <strong data-start=\"320\" data-end=\"336\">Au programme<\/strong> :<\/p>\n<p data-start=\"317\" data-end=\"340\">D\u00e9couverte des techniques de modelage<\/p>\n<p>Cr\u00e9ation d\u2019une ou plusieurs pi\u00e8ces en duo<\/p>\n<p>Un moment de complicit\u00e9 et de partage<\/p>\n<p data-start=\"472\" data-end=\"658\">Dans une <strong data-start=\"481\" data-end=\"521\">ambiance conviviale et bienveillante<\/strong>, ce cours vous permet de vous initier ensemble \u00e0 la c\u00e9ramique, tout en d\u00e9veloppant la cr\u00e9ativit\u00e9 et la motricit\u00e9 fine de votre enfant.<\/p>\n<p data-start=\"660\" data-end=\"758\" data-is-last-node=\"\" data-is-only-node=\"\">\ud83d\udc65 <strong data-start=\"663\" data-end=\"696\">Petit groupe (6 duos maximum)<\/strong> pour un accompagnement personnalis\u00e9 et une exp\u00e9rience unique.<\/p>\n<p>[\/et_pb_pricing_table][\/et_pb_pricing_tables][\/et_pb_column][\/et_pb_row][\/et_pb_section][et_pb_section fb_built=&#8221;1&#8243; admin_label=&#8221;Header &#038; Featured Event&#8221; _builder_version=&#8221;4.27.4&#8243; _module_preset=&#8221;default&#8221; background_color=&#8221;gcid-primary-color&#8221; custom_padding=&#8221;0px||0px|||&#8221; locked=&#8221;off&#8221; collapsed=&#8221;on&#8221; global_colors_info=&#8221;{%22gcid-primary-color%22:%91%22background_color%22%93}&#8221;][et_pb_row _builder_version=&#8221;4.25.1&#8243; _module_preset=&#8221;default&#8221; custom_padding=&#8221;0px||0px|||&#8221; global_colors_info=&#8221;{}&#8221;][et_pb_column type=&#8221;4_4&#8243; _builder_version=&#8221;4.25.1&#8243; _module_preset=&#8221;default&#8221; custom_padding=&#8221;60px||60px||true|false&#8221; custom_padding_tablet=&#8221;0px||0px||true|false&#8221; custom_padding_phone=&#8221;0px||0px||true|false&#8221; custom_padding_last_edited=&#8221;on|desktop&#8221; global_colors_info=&#8221;{}&#8221;][et_pb_heading title=&#8221;Des questions ?&#8221; _builder_version=&#8221;4.27.4&#8243; _module_preset=&#8221;_initial&#8221; title_level=&#8221;h2&#8243; title_font=&#8221;Sedan||||||||&#8221; title_text_color=&#8221;#FFFFFF&#8221; title_font_size=&#8221;52px&#8221; title_line_height=&#8221;1.2em&#8221; custom_margin=&#8221;||10px||false|false&#8221; title_font_size_tablet=&#8221;32px&#8221; title_font_size_phone=&#8221;20px&#8221; title_font_size_last_edited=&#8221;on|phone&#8221; locked=&#8221;off&#8221; global_colors_info=&#8221;{}&#8221;][\/et_pb_heading][et_pb_text quote_border_color=&#8221;#FFFFFF&#8221; _builder_version=&#8221;4.27.4&#8243; _module_preset=&#8221;_initial&#8221; text_font=&#8221;Inter||||||||&#8221; text_text_color=&#8221;#FFFFFF&#8221; text_font_size=&#8221;16px&#8221; text_line_height=&#8221;1.8em&#8221; link_font=&#8221;||||on||||&#8221; link_text_color=&#8221;#8800ff&#8221; quote_font=&#8221;Sedan||||||||&#8221; quote_text_color=&#8221;#FFFFFF&#8221; quote_font_size=&#8221;24px&#8221; quote_line_height=&#8221;1.4em&#8221; header_font=&#8221;Sedan||||||||&#8221; header_text_color=&#8221;#FFFFFF&#8221; header_font_size=&#8221;72px&#8221; header_line_height=&#8221;1.2em&#8221; header_2_font=&#8221;Sedan||||||||&#8221; header_2_text_color=&#8221;#FFFFFF&#8221; header_2_font_size=&#8221;52px&#8221; header_2_line_height=&#8221;1.2em&#8221; header_3_font=&#8221;Sedan||||||||&#8221; header_3_text_color=&#8221;#FFFFFF&#8221; header_3_font_size=&#8221;36px&#8221; header_3_line_height=&#8221;1.4em&#8221; header_4_font=&#8221;Sedan||||||||&#8221; header_4_text_color=&#8221;#FFFFFF&#8221; header_4_font_size=&#8221;24px&#8221; header_4_line_height=&#8221;1.4em&#8221; header_5_font=&#8221;Sedan||||||||&#8221; header_5_text_color=&#8221;#FFFFFF&#8221; header_5_font_size=&#8221;20px&#8221; header_5_line_height=&#8221;1.4em&#8221; header_6_font=&#8221;Inter|700|||||||&#8221; header_6_text_color=&#8221;#FFFFFF&#8221; header_6_font_size=&#8221;16px&#8221; header_6_line_height=&#8221;1.4em&#8221; text_font_size_tablet=&#8221;15px&#8221; text_font_size_phone=&#8221;14px&#8221; text_font_size_last_edited=&#8221;on|phone&#8221; quote_font_size_tablet=&#8221;16px&#8221; quote_font_size_phone=&#8221;15px&#8221; quote_font_size_last_edited=&#8221;on|phone&#8221; header_font_size_tablet=&#8221;40px&#8221; header_font_size_phone=&#8221;24px&#8221; header_font_size_last_edited=&#8221;on|phone&#8221; header_2_font_size_tablet=&#8221;32px&#8221; header_2_font_size_phone=&#8221;20px&#8221; header_2_font_size_last_edited=&#8221;on|phone&#8221; header_3_font_size_tablet=&#8221;20px&#8221; header_3_font_size_phone=&#8221;18px&#8221; header_3_font_size_last_edited=&#8221;on|phone&#8221; header_4_font_size_tablet=&#8221;16px&#8221; header_4_font_size_phone=&#8221;15px&#8221; header_4_font_size_last_edited=&#8221;on|phone&#8221; header_4_line_height_tablet=&#8221;1.3em&#8221; header_4_line_height_phone=&#8221;1.4em&#8221; header_4_line_height_last_edited=&#8221;on|tablet&#8221; header_5_font_size_tablet=&#8221;15px&#8221; header_5_font_size_phone=&#8221;14px&#8221; header_5_font_size_last_edited=&#8221;on|phone&#8221; header_6_font_size_tablet=&#8221;14px&#8221; header_6_font_size_phone=&#8221;14px&#8221; header_6_font_size_last_edited=&#8221;on|phone&#8221; global_colors_info=&#8221;{}&#8221;]<\/p>\n<p>N&#8217;h\u00e9sitez pas \u00e0 nous contacter.<\/p>\n<p>[\/et_pb_text][dsm_contact_form_7 cf7_library=&#8221;299&#8243; _builder_version=&#8221;4.27.4&#8243; _module_preset=&#8221;default&#8221; global_colors_info=&#8221;{}&#8221;][\/dsm_contact_form_7][\/et_pb_column][\/et_pb_row][\/et_pb_section]<\/p>\n","protected":false},"excerpt":{"rendered":"<p>D\u00e9couvrez l\u2019Art de la C\u00e9ramiqueVous avez toujours r\u00eav\u00e9 de mettre les mains dans la terre, mais vous n\u2019avez jamais os\u00e9 franchir le pas ? Venez d\u00e9couvrir le plaisir du modelage et laissez libre cours \u00e0 votre cr\u00e9ativit\u00e9 lors d\u2019un cours d\u2019initiation \u00e0 la c\u00e9ramique ! Pendant 2h30, dans une ambiance conviviale et chaleureuse, vous plongerez dans l\u2019univers fascinant de la terre et apprendrez les gestes essentiels pour fa\u00e7onner votre premi\u00e8re pi\u00e8ce. Au programme : d\u00e9couverte des diff\u00e9rentes techniques de modelage, exploration des textures et des formes, et initiation aux premi\u00e8res finitions. Que vous soyez totalement d\u00e9butant ou simplement curieux, ce moment de cr\u00e9ation est l\u2019occasion parfaite pour exp\u00e9rimenter, s\u2019exprimer et repartir avec une exp\u00e9rience inoubliable.Participez \u00e0 une s\u00e9ance conviviale de 2h30 pour d\u00e9couvrir la technique du tournage, ressentir les premi\u00e8res sensations du travail de la terre et fa\u00e7onner votre toute premi\u00e8re pi\u00e8ce en c\u00e9ramique. Si votre cr\u00e9ation est r\u00e9ussie, nous nous chargerons de sa cuisson et de son \u00e9maillage. Vous pourrez la r\u00e9cup\u00e9rer \u00e0 l\u2019atelier environ un mois plus tard. Le tarif inclut tout : l\u2019argile, l\u2019\u00e9maillage, la cuisson ainsi que l\u2019accompagnement personnalis\u00e9.Plongez les mains dans la terre et laissez parler votre cr\u00e9ativit\u00e9 lors d\u2019une s\u00e9ance immersive de 2h30 ! [&hellip;]<\/p>\n","protected":false},"author":1,"featured_media":0,"parent":0,"menu_order":0,"comment_status":"closed","ping_status":"closed","template":"","meta":{"_et_pb_use_builder":"on","_et_pb_old_content":"","_et_gb_content_width":"","footnotes":""},"class_list":["post-333","page","type-page","status-publish","hentry"],"_links":{"self":[{"href":"https:\/\/www.olllostudio.com\/index.php\/wp-json\/wp\/v2\/pages\/333","targetHints":{"allow":["GET"]}}],"collection":[{"href":"https:\/\/www.olllostudio.com\/index.php\/wp-json\/wp\/v2\/pages"}],"about":[{"href":"https:\/\/www.olllostudio.com\/index.php\/wp-json\/wp\/v2\/types\/page"}],"author":[{"embeddable":true,"href":"https:\/\/www.olllostudio.com\/index.php\/wp-json\/wp\/v2\/users\/1"}],"replies":[{"embeddable":true,"href":"https:\/\/www.olllostudio.com\/index.php\/wp-json\/wp\/v2\/comments?post=333"}],"version-history":[{"count":9,"href":"https:\/\/www.olllostudio.com\/index.php\/wp-json\/wp\/v2\/pages\/333\/revisions"}],"predecessor-version":[{"id":357,"href":"https:\/\/www.olllostudio.com\/index.php\/wp-json\/wp\/v2\/pages\/333\/revisions\/357"}],"wp:attachment":[{"href":"https:\/\/www.olllostudio.com\/index.php\/wp-json\/wp\/v2\/media?parent=333"}],"curies":[{"name":"wp","href":"https:\/\/api.w.org\/{rel}","templated":true}]}}