{"id":337,"date":"2025-03-12T16:32:24","date_gmt":"2025-03-12T15:32:24","guid":{"rendered":"https:\/\/www.olllostudio.com\/?page_id=337"},"modified":"2025-03-12T21:08:31","modified_gmt":"2025-03-12T20:08:31","slug":"cours-et-stages","status":"publish","type":"page","link":"https:\/\/www.olllostudio.com\/index.php\/cours-et-stages\/","title":{"rendered":"Cours et Stages"},"content":{"rendered":"<p>[et_pb_section fb_built=&#8221;1&#8243; _builder_version=&#8221;4.27.4&#8243; _module_preset=&#8221;default&#8221; background_color=&#8221;gcid-secondary-color&#8221; global_colors_info=&#8221;{%22gcid-secondary-color%22:%91%22background_color%22%93}&#8221;][et_pb_row _builder_version=&#8221;4.27.4&#8243; _module_preset=&#8221;default&#8221; global_colors_info=&#8221;{}&#8221;][et_pb_column type=&#8221;4_4&#8243; _builder_version=&#8221;4.27.4&#8243; _module_preset=&#8221;default&#8221; global_colors_info=&#8221;{}&#8221;][et_pb_heading title=&#8221;Stages d&#8217;initiation&#8221; _builder_version=&#8221;4.27.4&#8243; _module_preset=&#8221;_initial&#8221; title_level=&#8221;h2&#8243; title_font=&#8221;Sedan||||||||&#8221; title_text_color=&#8221;#FFFFFF&#8221; title_font_size=&#8221;52px&#8221; title_line_height=&#8221;1.2em&#8221; custom_margin=&#8221;||10px||false|false&#8221; title_font_size_tablet=&#8221;32px&#8221; title_font_size_phone=&#8221;20px&#8221; title_font_size_last_edited=&#8221;on|phone&#8221; locked=&#8221;off&#8221; global_colors_info=&#8221;{}&#8221;][\/et_pb_heading][\/et_pb_column][\/et_pb_row][et_pb_row column_structure=&#8221;1_2,1_2&#8243; _builder_version=&#8221;4.27.4&#8243; _module_preset=&#8221;default&#8221; custom_padding=&#8221;27px|||||&#8221; global_colors_info=&#8221;{}&#8221;][et_pb_column type=&#8221;1_2&#8243; _builder_version=&#8221;4.27.4&#8243; _module_preset=&#8221;default&#8221; global_colors_info=&#8221;{}&#8221;][et_pb_image src=&#8221;https:\/\/www.olllostudio.com\/wp-content\/uploads\/2025\/03\/ceramics-7250708_1920.jpg&#8221; title_text=&#8221;ceramics-7250708_1920&#8243; _builder_version=&#8221;4.27.4&#8243; _module_preset=&#8221;default&#8221; box_shadow_style=&#8221;preset1&#8243; global_colors_info=&#8221;{}&#8221;][\/et_pb_image][\/et_pb_column][et_pb_column type=&#8221;1_2&#8243; _builder_version=&#8221;4.27.4&#8243; _module_preset=&#8221;default&#8221; global_colors_info=&#8221;{}&#8221;][et_pb_heading title=&#8221;Stage de moulage&#8221; _builder_version=&#8221;4.27.4&#8243; _module_preset=&#8221;_initial&#8221; title_level=&#8221;h2&#8243; title_font=&#8221;Sedan||||||||&#8221; title_text_color=&#8221;#FFFFFF&#8221; title_font_size=&#8221;52px&#8221; title_line_height=&#8221;1.2em&#8221; custom_margin=&#8221;||10px||false|false&#8221; title_font_size_tablet=&#8221;32px&#8221; title_font_size_phone=&#8221;20px&#8221; title_font_size_last_edited=&#8221;on|phone&#8221; locked=&#8221;off&#8221; global_colors_info=&#8221;{}&#8221;][\/et_pb_heading][et_pb_text _builder_version=&#8221;4.27.4&#8243; _module_preset=&#8221;default&#8221; text_text_color=&#8221;#FFFFFF&#8221; global_colors_info=&#8221;{}&#8221;]<\/p>\n<h3 style=\"text-align: left;\"><span style=\"color: #ffffff;\">Explorez une technique fascinante<\/span><\/h3>\n<p>[\/et_pb_text][et_pb_text _builder_version=&#8221;4.27.4&#8243; _module_preset=&#8221;default&#8221; text_text_color=&#8221;#FFFFFF&#8221; global_colors_info=&#8221;{}&#8221;]<\/p>\n<p data-start=\"64\" data-end=\"353\">Le <strong data-start=\"67\" data-end=\"78\">moulage<\/strong> est une technique essentielle dans l\u2019univers de la c\u00e9ramique, permettant de cr\u00e9er des formes complexes, impossibles \u00e0 r\u00e9aliser autrement. Il offre \u00e9galement la possibilit\u00e9 de reproduire un mod\u00e8le avec une grande pr\u00e9cision et de travailler des parois d\u2019une extr\u00eame finesse.<\/p>\n<p data-start=\"355\" data-end=\"510\">Passionn\u00e9 par cette approche, j\u2019ai choisi le moulage pour mon propre travail et prends plaisir \u00e0 partager ses <strong data-start=\"465\" data-end=\"507\">m\u00e9thodes et ses multiples applications<\/strong>.<\/p>\n<p data-start=\"785\" data-end=\"974\">M\u00eame si vous pratiquez d\u00e9j\u00e0 le <strong data-start=\"816\" data-end=\"843\">tournage ou le modelage<\/strong>, le moulage peut enrichir votre savoir-faire, notamment pour cr\u00e9er des <strong data-start=\"915\" data-end=\"937\">\u00e9l\u00e9ments rapport\u00e9s<\/strong> comme des anses ou des couvercles.<\/p>\n<p data-start=\"976\" data-end=\"1153\" data-is-last-node=\"\" data-is-only-node=\"\">\ud83c\udfa8 <strong data-start=\"979\" data-end=\"1000\">Accessible \u00e0 tous<\/strong>, sans pr\u00e9requis, cette technique demande avant tout de la pr\u00e9cision et le plaisir du travail manuel. Un stage id\u00e9al pour \u00e9largir vos horizons cr\u00e9atifs !<\/p>\n<p>[\/et_pb_text][\/et_pb_column][\/et_pb_row][et_pb_row _builder_version=&#8221;4.27.4&#8243; _module_preset=&#8221;default&#8221; global_colors_info=&#8221;{}&#8221;][et_pb_column type=&#8221;4_4&#8243; _builder_version=&#8221;4.27.4&#8243; _module_preset=&#8221;default&#8221; global_colors_info=&#8221;{}&#8221;][et_pb_pricing_tables _builder_version=&#8221;4.27.4&#8243; _module_preset=&#8221;default&#8221; box_shadow_style=&#8221;preset1&#8243; global_colors_info=&#8221;{}&#8221;][et_pb_pricing_table featured=&#8221;on&#8221; title=&#8221;Stage d&#8217;initiation&#8221; subtitle=&#8221;Moulage c\u00e9ramique&#8221; per=&#8221; week-end&#8221; sum=&#8221;300 \u20ac&#8221; button_url=&#8221;#&#8221; button_text=&#8221;Inscription&#8221; bullet_color=&#8221;RGBA(255,255,255,0)&#8221; _builder_version=&#8221;4.27.4&#8243; _module_preset=&#8221;default&#8221; global_colors_info=&#8221;{}&#8221; sticky_transition=&#8221;on&#8221;]<\/p>\n<p><span> <strong data-start=\"4\" data-end=\"60\">Stage de moulage : explorez une technique fascinante<\/strong><\/span><\/p>\n<p><span><strong data-start=\"4\" data-end=\"60\"><\/strong><\/span><\/p>\n<p>Ce stage de <strong data-start=\"63\" data-end=\"76\">15 heures<\/strong> (r\u00e9parties sur un week-end) permet d\u2019apprendre les bases du <strong data-start=\"137\" data-end=\"158\">moulage-c\u00e9ramique<\/strong>, en r\u00e9alisant un <strong data-start=\"176\" data-end=\"206\">moule de coulage en pl\u00e2tre<\/strong> (jusqu\u2019\u00e0 4 pi\u00e8ces) \u00e0 partir d\u2019un objet simple. Une s\u00e9ance optionnelle de <strong data-start=\"280\" data-end=\"305\">coulage en porcelaine<\/strong> est propos\u00e9e ult\u00e9rieurement.<\/p>\n<p><span><strong data-start=\"341\" data-end=\"361\">Contenu du stage<\/strong> :<\/span><\/p>\n<p><span>Cr\u00e9ation d\u2019un moule en pl\u00e2tre<\/span><\/p>\n<p><span>Introduction aux plans de joint et techniques de pr\u00e9paration<\/span><\/p>\n<p><span>Coulage, finitions et techniques de d\u00e9moulage<\/span><\/p>\n<p>\ud83d\udcc5 <strong data-start=\"519\" data-end=\"529\">Public<\/strong> : Adultes et adolescents avertis, aimant la pr\u00e9cision.<\/p>\n<p>&nbsp;<\/p>\n<p>\ud83d\udcb0 <strong data-start=\"590\" data-end=\"599\">Tarif<\/strong> : 300 \u20ac<\/p>\n<p>Le tarif inclut le <strong data-start=\"19\" data-end=\"28\">cours<\/strong> ainsi que le <strong data-start=\"42\" data-end=\"54\">mat\u00e9riel<\/strong>, et chaque stagiaire repart avec son <strong data-start=\"92\" data-end=\"101\">moule<\/strong>.<\/p>\n<p>&nbsp;<\/p>\n<p><strong data-start=\"106\" data-end=\"138\">S\u00e9ance de coulage (3 heures)<\/strong> : 60 \u20ac<\/p>\n<p>Ce tarif couvre le <strong data-start=\"167\" data-end=\"176\">cours<\/strong>, le gr\u00e8s ou la porcelaine, les <strong data-start=\"212\" data-end=\"236\">retouches des pi\u00e8ces<\/strong> effectu\u00e9es par nos soins, ainsi que la <strong data-start=\"276\" data-end=\"287\">cuisson<\/strong>. \u00c0 l\u2019issue de la s\u00e9ance, le stagiaire repart avec son <strong data-start=\"342\" data-end=\"352\">tirage<\/strong>.<\/p>\n<p>[\/et_pb_pricing_table][\/et_pb_pricing_tables][\/et_pb_column][\/et_pb_row][\/et_pb_section][et_pb_section fb_built=&#8221;1&#8243; admin_label=&#8221;Header &#038; Featured Event&#8221; _builder_version=&#8221;4.27.4&#8243; _module_preset=&#8221;default&#8221; background_color=&#8221;gcid-primary-color&#8221; custom_padding=&#8221;0px||0px|||&#8221; locked=&#8221;off&#8221; collapsed=&#8221;on&#8221; global_colors_info=&#8221;{%22gcid-primary-color%22:%91%22background_color%22%93}&#8221;][et_pb_row _builder_version=&#8221;4.25.1&#8243; _module_preset=&#8221;default&#8221; custom_padding=&#8221;0px||0px|||&#8221; global_colors_info=&#8221;{}&#8221;][et_pb_column type=&#8221;4_4&#8243; _builder_version=&#8221;4.25.1&#8243; _module_preset=&#8221;default&#8221; custom_padding=&#8221;60px||60px||true|false&#8221; custom_padding_tablet=&#8221;0px||0px||true|false&#8221; custom_padding_phone=&#8221;0px||0px||true|false&#8221; custom_padding_last_edited=&#8221;on|desktop&#8221; global_colors_info=&#8221;{}&#8221;][et_pb_heading title=&#8221;Des questions ?&#8221; _builder_version=&#8221;4.27.4&#8243; _module_preset=&#8221;_initial&#8221; title_level=&#8221;h2&#8243; title_font=&#8221;Sedan||||||||&#8221; title_text_color=&#8221;#FFFFFF&#8221; title_font_size=&#8221;52px&#8221; title_line_height=&#8221;1.2em&#8221; custom_margin=&#8221;||10px||false|false&#8221; title_font_size_tablet=&#8221;32px&#8221; title_font_size_phone=&#8221;20px&#8221; title_font_size_last_edited=&#8221;on|phone&#8221; locked=&#8221;off&#8221; global_colors_info=&#8221;{}&#8221;][\/et_pb_heading][et_pb_text quote_border_color=&#8221;#FFFFFF&#8221; _builder_version=&#8221;4.27.4&#8243; _module_preset=&#8221;_initial&#8221; text_font=&#8221;Inter||||||||&#8221; text_text_color=&#8221;#FFFFFF&#8221; text_font_size=&#8221;16px&#8221; text_line_height=&#8221;1.8em&#8221; link_font=&#8221;||||on||||&#8221; link_text_color=&#8221;#8800ff&#8221; quote_font=&#8221;Sedan||||||||&#8221; quote_text_color=&#8221;#FFFFFF&#8221; quote_font_size=&#8221;24px&#8221; quote_line_height=&#8221;1.4em&#8221; header_font=&#8221;Sedan||||||||&#8221; header_text_color=&#8221;#FFFFFF&#8221; header_font_size=&#8221;72px&#8221; header_line_height=&#8221;1.2em&#8221; header_2_font=&#8221;Sedan||||||||&#8221; header_2_text_color=&#8221;#FFFFFF&#8221; header_2_font_size=&#8221;52px&#8221; header_2_line_height=&#8221;1.2em&#8221; header_3_font=&#8221;Sedan||||||||&#8221; header_3_text_color=&#8221;#FFFFFF&#8221; header_3_font_size=&#8221;36px&#8221; header_3_line_height=&#8221;1.4em&#8221; header_4_font=&#8221;Sedan||||||||&#8221; header_4_text_color=&#8221;#FFFFFF&#8221; header_4_font_size=&#8221;24px&#8221; header_4_line_height=&#8221;1.4em&#8221; header_5_font=&#8221;Sedan||||||||&#8221; header_5_text_color=&#8221;#FFFFFF&#8221; header_5_font_size=&#8221;20px&#8221; header_5_line_height=&#8221;1.4em&#8221; header_6_font=&#8221;Inter|700|||||||&#8221; header_6_text_color=&#8221;#FFFFFF&#8221; header_6_font_size=&#8221;16px&#8221; header_6_line_height=&#8221;1.4em&#8221; text_font_size_tablet=&#8221;15px&#8221; text_font_size_phone=&#8221;14px&#8221; text_font_size_last_edited=&#8221;on|phone&#8221; quote_font_size_tablet=&#8221;16px&#8221; quote_font_size_phone=&#8221;15px&#8221; quote_font_size_last_edited=&#8221;on|phone&#8221; header_font_size_tablet=&#8221;40px&#8221; header_font_size_phone=&#8221;24px&#8221; header_font_size_last_edited=&#8221;on|phone&#8221; header_2_font_size_tablet=&#8221;32px&#8221; header_2_font_size_phone=&#8221;20px&#8221; header_2_font_size_last_edited=&#8221;on|phone&#8221; header_3_font_size_tablet=&#8221;20px&#8221; header_3_font_size_phone=&#8221;18px&#8221; header_3_font_size_last_edited=&#8221;on|phone&#8221; header_4_font_size_tablet=&#8221;16px&#8221; header_4_font_size_phone=&#8221;15px&#8221; header_4_font_size_last_edited=&#8221;on|phone&#8221; header_4_line_height_tablet=&#8221;1.3em&#8221; header_4_line_height_phone=&#8221;1.4em&#8221; header_4_line_height_last_edited=&#8221;on|tablet&#8221; header_5_font_size_tablet=&#8221;15px&#8221; header_5_font_size_phone=&#8221;14px&#8221; header_5_font_size_last_edited=&#8221;on|phone&#8221; header_6_font_size_tablet=&#8221;14px&#8221; header_6_font_size_phone=&#8221;14px&#8221; header_6_font_size_last_edited=&#8221;on|phone&#8221; global_colors_info=&#8221;{}&#8221;]<\/p>\n<p>N&#8217;h\u00e9sitez pas \u00e0 nous contacter.<\/p>\n<p>[\/et_pb_text][dsm_contact_form_7 cf7_library=&#8221;299&#8243; _builder_version=&#8221;4.27.4&#8243; _module_preset=&#8221;default&#8221; global_colors_info=&#8221;{}&#8221;][\/dsm_contact_form_7][\/et_pb_column][\/et_pb_row][\/et_pb_section]<\/p>\n","protected":false},"excerpt":{"rendered":"<p>Explorez une technique fascinanteLe moulage est une technique essentielle dans l\u2019univers de la c\u00e9ramique, permettant de cr\u00e9er des formes complexes, impossibles \u00e0 r\u00e9aliser autrement. Il offre \u00e9galement la possibilit\u00e9 de reproduire un mod\u00e8le avec une grande pr\u00e9cision et de travailler des parois d\u2019une extr\u00eame finesse. Passionn\u00e9 par cette approche, j\u2019ai choisi le moulage pour mon propre travail et prends plaisir \u00e0 partager ses m\u00e9thodes et ses multiples applications. M\u00eame si vous pratiquez d\u00e9j\u00e0 le tournage ou le modelage, le moulage peut enrichir votre savoir-faire, notamment pour cr\u00e9er des \u00e9l\u00e9ments rapport\u00e9s comme des anses ou des couvercles. \ud83c\udfa8 Accessible \u00e0 tous, sans pr\u00e9requis, cette technique demande avant tout de la pr\u00e9cision et le plaisir du travail manuel. Un stage id\u00e9al pour \u00e9largir vos horizons cr\u00e9atifs ! Stage de moulage : explorez une technique fascinante Ce stage de 15 heures (r\u00e9parties sur un week-end) permet d\u2019apprendre les bases du moulage-c\u00e9ramique, en r\u00e9alisant un moule de coulage en pl\u00e2tre (jusqu\u2019\u00e0 4 pi\u00e8ces) \u00e0 partir d\u2019un objet simple. Une s\u00e9ance optionnelle de coulage en porcelaine est propos\u00e9e ult\u00e9rieurement. Contenu du stage : Cr\u00e9ation d\u2019un moule en pl\u00e2tre Introduction aux plans de joint et techniques de pr\u00e9paration Coulage, finitions et techniques de d\u00e9moulage \ud83d\udcc5 Public [&hellip;]<\/p>\n","protected":false},"author":1,"featured_media":0,"parent":0,"menu_order":0,"comment_status":"closed","ping_status":"closed","template":"","meta":{"_et_pb_use_builder":"on","_et_pb_old_content":"","_et_gb_content_width":"","footnotes":""},"class_list":["post-337","page","type-page","status-publish","hentry"],"_links":{"self":[{"href":"https:\/\/www.olllostudio.com\/index.php\/wp-json\/wp\/v2\/pages\/337","targetHints":{"allow":["GET"]}}],"collection":[{"href":"https:\/\/www.olllostudio.com\/index.php\/wp-json\/wp\/v2\/pages"}],"about":[{"href":"https:\/\/www.olllostudio.com\/index.php\/wp-json\/wp\/v2\/types\/page"}],"author":[{"embeddable":true,"href":"https:\/\/www.olllostudio.com\/index.php\/wp-json\/wp\/v2\/users\/1"}],"replies":[{"embeddable":true,"href":"https:\/\/www.olllostudio.com\/index.php\/wp-json\/wp\/v2\/comments?post=337"}],"version-history":[{"count":5,"href":"https:\/\/www.olllostudio.com\/index.php\/wp-json\/wp\/v2\/pages\/337\/revisions"}],"predecessor-version":[{"id":367,"href":"https:\/\/www.olllostudio.com\/index.php\/wp-json\/wp\/v2\/pages\/337\/revisions\/367"}],"wp:attachment":[{"href":"https:\/\/www.olllostudio.com\/index.php\/wp-json\/wp\/v2\/media?parent=337"}],"curies":[{"name":"wp","href":"https:\/\/api.w.org\/{rel}","templated":true}]}}